{"id":1605,"date":"2025-07-27T22:29:53","date_gmt":"2025-07-27T20:29:53","guid":{"rendered":"https:\/\/cnappc.org\/manifesto\/"},"modified":"2025-09-02T16:39:07","modified_gmt":"2025-09-02T14:39:07","slug":"manifesto","status":"publish","type":"page","link":"https:\/\/cnappc.org\/it\/manifesto\/","title":{"rendered":"Manifesto"},"content":{"rendered":"<p>[et_pb_section fb_built=&#8221;1&#8243; inner_shadow=&#8221;on&#8221; fullwidth=&#8221;on&#8221; _builder_version=&#8221;4.27.4&#8243; _module_preset=&#8221;default&#8221; background_blend=&#8221;color-burn&#8221; locked=&#8221;off&#8221; global_colors_info=&#8221;{}&#8221;][et_pb_fullwidth_header title=&#8221;Manifesto&#8221; text_orientation=&#8221;center&#8221; _builder_version=&#8221;4.27.4&#8243; _module_preset=&#8221;default&#8221; subhead_font_size=&#8221;22px&#8221; subhead_letter_spacing=&#8221;1px&#8221; background_color=&#8221;rgba(43,139,129,0.6)&#8221; background_image=&#8221;https:\/\/cnappc.org\/wp-content\/uploads\/2025\/07\/arch_1.jpg&#8221; background_blend=&#8221;color-burn&#8221; min_height=&#8221;100px&#8221; height=&#8221;162px&#8221; max_height=&#8221;130px&#8221; custom_margin=&#8221;0px||||false|false&#8221; custom_padding=&#8221;10px||||false|false&#8221; animation_style=&#8221;fade&#8221; animation_duration=&#8221;1650ms&#8221; global_colors_info=&#8221;{}&#8221;]<\/p>\n<p>&nbsp;<\/p>\n<p><\/p>\n<p>&nbsp;<\/p>\n<p>[\/et_pb_fullwidth_header][\/et_pb_section][et_pb_section fb_built=&#8221;1&#8243; _builder_version=&#8221;4.27.4&#8243; _module_preset=&#8221;default&#8221; background_color=&#8221;#339999&#8243; custom_margin=&#8221;0px||0px||false|false&#8221; custom_padding=&#8221;0px||0px||false|false&#8221; global_colors_info=&#8221;{}&#8221;][et_pb_row _builder_version=&#8221;4.27.4&#8243; _module_preset=&#8221;default&#8221; custom_margin=&#8221;0px||0px||false|false&#8221; custom_padding=&#8221;0px||0px||false|false&#8221; global_colors_info=&#8221;{}&#8221;][et_pb_column type=&#8221;4_4&#8243; _builder_version=&#8221;4.27.4&#8243; _module_preset=&#8221;default&#8221; global_colors_info=&#8221;{}&#8221;][et_pb_image src=&#8221;https:\/\/cnappc.org\/wp-content\/uploads\/2025\/08\/IlFuturoDelleCitta_Verona_22.04.2024_FotoMascalzoni_0021_72dpi-scaled.jpg&#8221; title_text=&#8221;IlFuturoDelleCitta\u0300_Verona_22.04.2024_FotoMascalzoni_0021_72dpi&#8221; _builder_version=&#8221;4.27.4&#8243; _module_preset=&#8221;default&#8221; global_colors_info=&#8221;{}&#8221;][\/et_pb_image][\/et_pb_column][\/et_pb_row][\/et_pb_section][et_pb_section fb_built=&#8221;1&#8243; _builder_version=&#8221;4.27.4&#8243; _module_preset=&#8221;default&#8221; custom_padding=&#8221;||0px|||&#8221; global_colors_info=&#8221;{}&#8221;][et_pb_row _builder_version=&#8221;4.27.4&#8243; _module_preset=&#8221;default&#8221; custom_margin=&#8221;-48px|auto||auto||&#8221; global_colors_info=&#8221;{}&#8221;][et_pb_column type=&#8221;4_4&#8243; _builder_version=&#8221;4.27.4&#8243; _module_preset=&#8221;default&#8221; global_colors_info=&#8221;{}&#8221;][et_pb_heading title=&#8221;Il decalogo per ripensare gli spazi urbani e territoriali in Italia&#8221; _builder_version=&#8221;4.27.4&#8243; _module_preset=&#8221;default&#8221; global_colors_info=&#8221;{}&#8221;][\/et_pb_heading][\/et_pb_column][\/et_pb_row][\/et_pb_section][et_pb_section fb_built=&#8221;1&#8243; _builder_version=&#8221;4.27.4&#8243; _module_preset=&#8221;default&#8221; custom_padding=&#8221;17px|||||&#8221; global_colors_info=&#8221;{}&#8221;][et_pb_row _builder_version=&#8221;4.27.4&#8243; _module_preset=&#8221;default&#8221; min_height=&#8221;1115.3px&#8221; custom_margin=&#8221;0px||||false|false&#8221; custom_padding=&#8221;0px||||false|false&#8221; global_colors_info=&#8221;{}&#8221;][et_pb_column type=&#8221;4_4&#8243; _builder_version=&#8221;4.27.4&#8243; _module_preset=&#8221;default&#8221; global_colors_info=&#8221;{}&#8221;][et_pb_accordion _builder_version=&#8221;4.27.4&#8243; _module_preset=&#8221;default&#8221; hover_enabled=&#8221;0&#8243; global_colors_info=&#8221;{}&#8221; sticky_enabled=&#8221;0&#8243;][et_pb_accordion_item title=&#8221;1. Costruire un approccio basato sulla prossimit\u00e0&#8221; open=&#8221;on&#8221; _builder_version=&#8221;4.27.4&#8243; _module_preset=&#8221;default&#8221; hover_enabled=&#8221;0&#8243; global_colors_info=&#8221;{}&#8221; sticky_enabled=&#8221;0&#8243;]<\/p>\n<p>Il nostro obiettivo \u00e8 costruire un approccio in cui la prossimit\u00e0 sia la chiave per una nuova economia geografica di prossimit\u00e0 sostenibile. Sviluppando il concetto di Citt\u00e0 dei 15 minuti o di \u201cTerritorio dei 30 minuti\u201d e le loro varie declinazioni come \u201cCitt\u00e0 dei X minuti | Territori dei X minuti\u201d possiamo creare am- bienti urbani in cui tutti i servizi essenziali, i comfort e i luoghi di lavoro siano accessibili a breve distanza a piedi, in bicicletta o con i mezzi pubblici. Questo modello riduce la necessit\u00e0 di lunghi spostamenti, migliora la congestione del traffico e favorisce comunit\u00e0 pi\u00f9 sane e pi\u00f9 connesse. Dando la priorit\u00e0 alla prossimit\u00e0, le citt\u00e0 italiane possono creare ambienti pi\u00f9 so- stenibili, vivibili e incentrati sulle esigenze dei residenti.<\/p>\n<p>[\/et_pb_accordion_item][et_pb_accordion_item title=&#8221;2. Estensione al territorio dei 30 minuti&#8221; _builder_version=&#8221;4.27.4&#8243; _module_preset=&#8221;default&#8221; hover_enabled=&#8221;0&#8243; global_colors_info=&#8221;{}&#8221; open=&#8221;off&#8221; sticky_enabled=&#8221;0&#8243;]<\/p>\n<p>Adottare l\u2019approccio del \u201cterritorio dei 30 minuti\u201d per estendere i principi di prossimit\u00e0 oltre i centri urbani a contesti regionali pi\u00f9 ampi. Questo concetto incoraggia lo sviluppo di territori interconnessi in cui i servizi e le opportunit\u00e0 sono accessibili in un raggio di 30 minuti, promuovendo una crescita equilibrata e riducendo le disparit\u00e0 regionali. L\u2019Italia potrebbe cos\u00ec avere un territorio nazionale pi\u00f9 integrato e coeso rafforzando i collegamenti tra aree urbane e rurali.<\/p>\n<p>[\/et_pb_accordion_item][et_pb_accordion_item title=&#8221;3. Potenziare il trasporto pubblico e le reti di mobilit\u00e0&#8221; _builder_version=&#8221;4.27.4&#8243; _module_preset=&#8221;default&#8221; hover_enabled=&#8221;0&#8243; global_colors_info=&#8221;{}&#8221; open=&#8221;off&#8221; sticky_enabled=&#8221;0&#8243;]Sviluppare sistemi di trasporto pubblico completi che colleghino le citt\u00e0 e le regioni in un breve raggio di percorrenza.<br \/>Dare priorit\u00e0 agli investimenti in mobilit\u00e0 efficiente e sostenibile e in mezzi di trasporto come autobus elettrici, treni regionali e programmi di bike-sharing. Una rete di trasporti ben collegata \u00e8 essenziale per implementare i modelli \u201cCitt\u00e0 dei X minuti | Territori dei X minuti\u201d, per ridurre la dipendenza dall\u2019auto e promuovere l\u2019accessibilit\u00e0 e l\u2019inclusivit\u00e0.[\/et_pb_accordion_item][et_pb_accordion_item title=&#8221;4.  Promuovere spazi verdi e pubblici&#8221; _builder_version=&#8221;4.27.4&#8243; _module_preset=&#8221;default&#8221; hover_enabled=&#8221;0&#8243; global_colors_info=&#8221;{}&#8221; open=&#8221;off&#8221; sticky_enabled=&#8221;0&#8243;]<\/p>\n<p>Integrare ampi spazi verdi, parchi e aree pubbliche nella pianificazione urbana e rurale. Questi spazi sono essenziali per migliorare la qualit\u00e0 della vita, promuovere la salute fisica e mentale e favorire la coesione sociale. Nelle aree rurali, la conservazione dei paesaggi naturali e la creazione di aree ricreative accessibili favoriranno il benessere delle comunit\u00e0, migliorando al contempo la sostenibilit\u00e0 ecologica.<\/p>\n<p>[\/et_pb_accordion_item][et_pb_accordion_item title=&#8221;5. Sostenere le economie locali e il patrimonio culturale&#8221; _builder_version=&#8221;4.27.4&#8243; _module_preset=&#8221;default&#8221; hover_enabled=&#8221;0&#8243; global_colors_info=&#8221;{}&#8221; open=&#8221;off&#8221; sticky_enabled=&#8221;0&#8243;]<\/p>\n<p>Rafforzare le economie locali promuovendo le piccole imprese, gli artigiani e le attivit\u00e0 culturali che riflettono il ricco patrimonio italiano. Proteggere e integrare i beni culturali e storici nella pianificazione urbana e territoriale garantisce che lo sviluppo urbano rispetti e valorizzi le caratteristiche identitarie uniche di ogni regione, promuovendo l\u2019orgoglio e stimolando le economie locali.<\/p>\n<p>[\/et_pb_accordion_item][et_pb_accordion_item title=&#8221;6. Promuovere una architettura e una urbanistica inclusiva&#8221; _builder_version=&#8221;4.27.4&#8243; _module_preset=&#8221;default&#8221; hover_enabled=&#8221;0&#8243; global_colors_info=&#8221;{}&#8221; open=&#8221;off&#8221; sticky_enabled=&#8221;0&#8243;]<\/p>\n<p>Adottare processi di pianificazione inclusivi che coinvolgano le comunit\u00e0 locali nel processo decisionale, garantendo che lo sviluppo risponda alle diverse esigenze di tutti i residenti. Enfatizzare la partecipazione dei gruppi e delle minoranze per creare spazi urbani e rurali pi\u00f9 equi e giusti. La pianificazione inclusiva porta ad ambienti che rispondono alle esigenze di tutti, migliorando la coesione sociale e la resilienza.<br \/>Per raggiungere questi obiettivi, sar\u00e0 necessario riformulare nel corso del tempo il linguaggio architettonico e i ruoli degli spazi, della mobilit\u00e0 e della tecnologia in termini di \u201cstruttura, grammatica e sintassi\u201d, riaffermando l\u2019attualit\u00e0 della \u201cfirmitas, utilitas, venustas\u201d di Vitruvio.<\/p>\n<p>[\/et_pb_accordion_item][et_pb_accordion_item title=&#8221;7. Sfruttare la tecnologia per territori intelligenti e connessi&#8221; _builder_version=&#8221;4.27.4&#8243; _module_preset=&#8221;default&#8221; hover_enabled=&#8221;0&#8243; global_colors_info=&#8221;{}&#8221; open=&#8221;off&#8221; sticky_enabled=&#8221;0&#8243;]<\/p>\n<p>Utilizzare la tecnologia per creare citt\u00e0 e territori intelligenti e connessi che ottimizzino le risorse, migliorino i servizi pubblici e migliorino la qualit\u00e0 della vita dei residenti. Implementare soluzioni digitali per la gestione del traffico, l\u2019efficienza energetica e la sicurezza pubblica per sostenere gli obiettivi di \u201cCitt\u00e0 dei X minuti | Territori dei X minuti\u201d. Le tecnologie intelligenti e innovative possono rendere le regioni pi\u00f9 adattive e reattive ai cambiamenti delle condizioni e delle esigenze.<\/p>\n<p>[\/et_pb_accordion_item][et_pb_accordion_item title=&#8221;8.  Costruire comunit\u00e0 resilienti al clima&#8221; _builder_version=&#8221;4.27.4&#8243; _module_preset=&#8221;default&#8221; hover_enabled=&#8221;0&#8243; global_colors_info=&#8221;{}&#8221; open=&#8221;off&#8221; sticky_enabled=&#8221;0&#8243;]<\/p>\n<p>Considerare la resilienza al clima tra gli obiettivi della pianificazione urbana e territoriale per prepararsi e mitigare gli impatti del cambiamento climatico. Ci\u00f2 include lo sviluppo di infrastrutture in grado di resistere a condizioni meteorologiche estreme, la promozione delle energie rinnovabili e il potenziamento delle infrastrutture verdi. Una pianificazione resiliente aiuta a salvaguardare le comunit\u00e0 dalle sfide ambientali e contribuisce a un futuro sostenibile.<\/p>\n<p>[\/et_pb_accordion_item][et_pb_accordion_item title=&#8221;9. Promuovere il benessere, la coesione sociale e l\u2019equit\u00e0&#8221; _builder_version=&#8221;4.27.4&#8243; _module_preset=&#8221;default&#8221; hover_enabled=&#8221;0&#8243; global_colors_info=&#8221;{}&#8221; open=&#8221;off&#8221; sticky_enabled=&#8221;0&#8243;]Progettare spazi urbani e rurali che promuovano il benessere e l\u2019equit\u00e0 sociale, garantendo il diritto alla casa, l\u2019assistenza sanitaria, l\u2019istruzione e servizi pubblici a prezzi accessibili.<br \/>Concentrandosi sulle esigenze di tutti i residenti, l\u2019Italia pu\u00f2 creare ambienti inclusivi in cui tutti possano prosperare. La coesione sociale richiede la progettazione di spazi che incoraggino l\u2019interazione comunitaria, lo scambio culturale e il sostegno reciproco. Dando priorit\u00e0 alle esigenze dei gruppi emarginati e meno serviti, l\u2019Italia pu\u00f2 costruire comunit\u00e0 resilienti che promuovano l\u2019unit\u00e0 e la prosperit\u00e0 condivisa.[\/et_pb_accordion_item][et_pb_accordion_item title=&#8221;10. Innovare la governance e i quadri politici&#8221; _builder_version=&#8221;4.27.4&#8243; _module_preset=&#8221;default&#8221; hover_enabled=&#8221;0&#8243; global_colors_info=&#8221;{}&#8221; open=&#8221;off&#8221; sticky_enabled=&#8221;0&#8243;]<\/p>\n<p>Sostenere le riforme della governance e politiche innovative che incoraggino uno sviluppo urbano e territoriale sostenibile. Aggiornare le normative per favorire la creazione di \u201cCitt\u00e0 dei X minuti | Territori dei X minuti\u201d, snellire i processi per realizzare progetti sostenibili e fornire incentivi per le pratiche ecologiche. Una governance efficace \u00e8 fondamentale per realizzare la visione di un\u2019Italia connessa, resiliente e sostenibile.<\/p>\n<p>[\/et_pb_accordion_item][\/et_pb_accordion][\/et_pb_column][\/et_pb_row][\/et_pb_section]<\/p>\n","protected":false},"excerpt":{"rendered":"<p>&nbsp;&nbsp;Il nostro obiettivo \u00e8 costruire un approccio in cui la prossimit\u00e0 sia la chiave per una nuova economia geografica di prossimit\u00e0 sostenibile. Sviluppando il concetto di Citt\u00e0 dei 15 minuti [&hellip;]<\/p>\n","protected":false},"author":2,"featured_media":0,"parent":0,"menu_order":0,"comment_status":"closed","ping_status":"closed","template":"","meta":{"_et_pb_use_builder":"on","_et_pb_old_content":"","_et_gb_content_width":"","_price":"","_stock":"","_tribe_ticket_header":"","_tribe_default_ticket_provider":"","_tribe_ticket_capacity":"0","_ticket_start_date":"","_ticket_end_date":"","_tribe_ticket_show_description":"","_tribe_ticket_show_not_going":false,"_tribe_ticket_use_global_stock":"","_tribe_ticket_global_stock_level":"","_global_stock_mode":"","_global_stock_cap":"","_tribe_rsvp_for_event":"","_tribe_ticket_going_count":"","_tribe_ticket_not_going_count":"","_tribe_tickets_list":"[]","_tribe_ticket_has_attendee_info_fields":false,"footnotes":"","_tec_slr_enabled":"","_tec_slr_layout":""},"class_list":["post-1605","page","type-page","status-publish","hentry"],"ticketed":false,"_links":{"self":[{"href":"https:\/\/cnappc.org\/it\/wp-json\/wp\/v2\/pages\/1605","targetHints":{"allow":["GET"]}}],"collection":[{"href":"https:\/\/cnappc.org\/it\/wp-json\/wp\/v2\/pages"}],"about":[{"href":"https:\/\/cnappc.org\/it\/wp-json\/wp\/v2\/types\/page"}],"author":[{"embeddable":true,"href":"https:\/\/cnappc.org\/it\/wp-json\/wp\/v2\/users\/2"}],"replies":[{"embeddable":true,"href":"https:\/\/cnappc.org\/it\/wp-json\/wp\/v2\/comments?post=1605"}],"version-history":[{"count":6,"href":"https:\/\/cnappc.org\/it\/wp-json\/wp\/v2\/pages\/1605\/revisions"}],"predecessor-version":[{"id":3078,"href":"https:\/\/cnappc.org\/it\/wp-json\/wp\/v2\/pages\/1605\/revisions\/3078"}],"wp:attachment":[{"href":"https:\/\/cnappc.org\/it\/wp-json\/wp\/v2\/media?parent=1605"}],"curies":[{"name":"wp","href":"https:\/\/api.w.org\/{rel}","templated":true}]}}